{"id":16037,"date":"2025-07-08T00:26:36","date_gmt":"2025-07-08T00:26:36","guid":{"rendered":"https:\/\/ammesa.com\/?product=aventium-intense"},"modified":"2026-04-13T19:09:23","modified_gmt":"2026-04-13T19:09:23","slug":"aventium-intense","status":"publish","type":"product","link":"https:\/\/ammesa.com\/?product=aventium-intense","title":{"rendered":"Aventium Intense"},"content":{"rendered":"<p>Ein edler Duft mit einer Kopfnote aus Ananas, Schwarze Johannisbeere, Bergamotte, gefolgt von einem sinnlichen Herzen aus Rose, Jasmin, Birke und einer tiefen Basis aus Amber, Vanille, Moschus. Parf\u00fcm\u00f6lkonzentration: 40% mit luxuri\u00f6sen Duft\u00f6len. Geeignet f\u00fcr Herren.<\/p>\n","protected":false},"excerpt":{"rendered":"<p>Ein edler Duft mit einer Kopfnote aus Ananas, Schwarze Johannisbeere, Bergamotte, gefolgt von einem sinnlichen Herzen aus Rose, Jasmin, Birke<\/p>\n","protected":false},"featured_media":0,"comment_status":"open","ping_status":"closed","template":"","meta":[],"product_brand":[],"product_cat":[65],"product_tag":[],"class_list":{"0":"post-16037","1":"product","2":"type-product","3":"status-publish","5":"product_cat-herren","7":"first","8":"outofstock","9":"shipping-taxable","10":"product-type-variable"},"jetpack_sharing_enabled":true,"_links":{"self":[{"href":"https:\/\/ammesa.com\/index.php?rest_route=\/wp\/v2\/product\/16037","targetHints":{"allow":["GET"]}}],"collection":[{"href":"https:\/\/ammesa.com\/index.php?rest_route=\/wp\/v2\/product"}],"about":[{"href":"https:\/\/ammesa.com\/index.php?rest_route=\/wp\/v2\/types\/product"}],"replies":[{"embeddable":true,"href":"https:\/\/ammesa.com\/index.php?rest_route=%2Fwp%2Fv2%2Fcomments&post=16037"}],"version-history":[{"count":0,"href":"https:\/\/ammesa.com\/index.php?rest_route=\/wp\/v2\/product\/16037\/revisions"}],"wp:attachment":[{"href":"https:\/\/ammesa.com\/index.php?rest_route=%2Fwp%2Fv2%2Fmedia&parent=16037"}],"wp:term":[{"taxonomy":"product_brand","embeddable":true,"href":"https:\/\/ammesa.com\/index.php?rest_route=%2Fwp%2Fv2%2Fproduct_brand&post=16037"},{"taxonomy":"product_cat","embeddable":true,"href":"https:\/\/ammesa.com\/index.php?rest_route=%2Fwp%2Fv2%2Fproduct_cat&post=16037"},{"taxonomy":"product_tag","embeddable":true,"href":"https:\/\/ammesa.com\/index.php?rest_route=%2Fwp%2Fv2%2Fproduct_tag&post=16037"}],"curies":[{"name":"wp","href":"https:\/\/api.w.org\/{rel}","templated":true}]}}