{"id":16057,"date":"2025-07-08T00:26:53","date_gmt":"2025-07-08T00:26:53","guid":{"rendered":"https:\/\/ammesa.com\/?product=eros-pour-lui"},"modified":"2025-07-08T00:34:04","modified_gmt":"2025-07-08T00:34:04","slug":"eros-pour-lui","status":"publish","type":"product","link":"https:\/\/ammesa.com\/?product=eros-pour-lui","title":{"rendered":"Eros Pour Lui"},"content":{"rendered":"<p>Ein edler Duft mit einer Kopfnote aus Minze, Zitrone, Gr\u00fcner Apfel, gefolgt von einem sinnlichen Herzen aus Tonkabohne, Amber, Moschus und einer tiefen Basis aus Zedernholz, Vanille. Parf\u00fcm\u00f6lkonzentration: 40% mit luxuri\u00f6sen Duft\u00f6len. Geeignet f\u00fcr Herren.<\/p>\n","protected":false},"excerpt":{"rendered":"<p>Ein edler Duft mit einer Kopfnote aus Minze, Zitrone, Gr\u00fcner Apfel, gefolgt von einem sinnlichen Herzen aus Tonkabohne, Amber, Moschus<\/p>\n","protected":false},"featured_media":0,"comment_status":"open","ping_status":"closed","template":"","meta":[],"product_brand":[],"product_cat":[65],"product_tag":[],"class_list":{"0":"post-16057","1":"product","2":"type-product","3":"status-publish","5":"product_cat-herren","7":"first","8":"outofstock","9":"shipping-taxable","10":"product-type-variable"},"jetpack_sharing_enabled":true,"_links":{"self":[{"href":"https:\/\/ammesa.com\/index.php?rest_route=\/wp\/v2\/product\/16057","targetHints":{"allow":["GET"]}}],"collection":[{"href":"https:\/\/ammesa.com\/index.php?rest_route=\/wp\/v2\/product"}],"about":[{"href":"https:\/\/ammesa.com\/index.php?rest_route=\/wp\/v2\/types\/product"}],"replies":[{"embeddable":true,"href":"https:\/\/ammesa.com\/index.php?rest_route=%2Fwp%2Fv2%2Fcomments&post=16057"}],"version-history":[{"count":1,"href":"https:\/\/ammesa.com\/index.php?rest_route=\/wp\/v2\/product\/16057\/revisions"}],"predecessor-version":[{"id":16061,"href":"https:\/\/ammesa.com\/index.php?rest_route=\/wp\/v2\/product\/16057\/revisions\/16061"}],"wp:attachment":[{"href":"https:\/\/ammesa.com\/index.php?rest_route=%2Fwp%2Fv2%2Fmedia&parent=16057"}],"wp:term":[{"taxonomy":"product_brand","embeddable":true,"href":"https:\/\/ammesa.com\/index.php?rest_route=%2Fwp%2Fv2%2Fproduct_brand&post=16057"},{"taxonomy":"product_cat","embeddable":true,"href":"https:\/\/ammesa.com\/index.php?rest_route=%2Fwp%2Fv2%2Fproduct_cat&post=16057"},{"taxonomy":"product_tag","embeddable":true,"href":"https:\/\/ammesa.com\/index.php?rest_route=%2Fwp%2Fv2%2Fproduct_tag&post=16057"}],"curies":[{"name":"wp","href":"https:\/\/api.w.org\/{rel}","templated":true}]}}